{"id":235,"date":"2021-10-18T10:41:42","date_gmt":"2021-10-18T08:41:42","guid":{"rendered":"https:\/\/clinicadrcasado.com\/legal-notice\/"},"modified":"2021-11-29T12:38:49","modified_gmt":"2021-11-29T10:38:49","slug":"legal-notice","status":"publish","type":"page","link":"https:\/\/clinicadrcasado.com\/en\/legal-notice\/","title":{"rendered":"Legal notice"},"content":{"rendered":"\n<p>Cl\u00ednica Dr. Casado, S.L., in compliance with Article 10 of Law 34\/2002 of Services of the Information Society and Electronic Commerce, informs:<\/p>\n\n<p>&#8211; Who owns the domain and the website (<a href=\"https:\/\/clinicadrcasado.com\/en\/\">https:\/\/clinicadrcasado.com\/<\/a>)<\/p>\n\n<p>&#8211; That your identification data are:<\/p>\n\n<ul><li>Cl\u00ednica Dr. Casado, S.L.<\/li><li>Calle Ram\u00f3n y Cajal, 4 (Edificio Sacio, planta baja)<\/li><li>29601 Marbella<\/li><li>(M\u00e1laga)<\/li><li>Phone: 952857141.<\/li><li>e-mail:\u00a0<a href=\"mailto:administracion@clinicadrcasado.com\">administracion@clinicadrcasado.com<\/a><\/li><\/ul>\n<p>The use of the website grants the condition of user and implies full acceptance of all the provisions contained in this Legal Notice and the Privacy Policy. If the user does not agree with the conditions set forth herein, he\/she should not access and use the website.<\/p>\n\n<p>The content of the website is the property of Cl\u00ednica Dr. Casado, S.L., and any type of copy or reproduction of all or part of the content is prohibited without the express authorization of its owner.<\/p>\n\n<p>Cl\u00ednica Dr. Casado, S.L. assumes no responsibility for the external links of third parties that may be included in the website, as it has no control over them, their contents, the services they provide or the way in which they appear.<\/p>\n\n<p>The user of the website undertakes to make proper use of it, not to use it for practices contrary to law or good faith and not to cause damage to the physical and logical systems of Cl\u00ednica Dr. Casado, S.L..<\/p>\n","protected":false},"excerpt":{"rendered":"<p>Cl\u00ednica Dr. Casado, S.L., in compliance with Article 10 of Law 34\/2002 of Services of the Information Society and Electronic Commerce, informs: &#8211; Who owns the domain and the website (https:\/\/clinicadrcasado.com\/) &#8211; That your identification data are: Cl\u00ednica Dr. Casado, S.L. Calle Ram\u00f3n y Cajal, 4 (Edificio Sacio, planta baja) 29601 Marbella (M\u00e1laga) Phone: 952857141. [&hellip;]<\/p>\n","protected":false},"author":1,"featured_media":0,"parent":0,"menu_order":97,"comment_status":"closed","ping_status":"closed","template":"page-legal.php","meta":[],"yoast_head":"<!-- This site is optimized with the Yoast SEO plugin v20.6 - https:\/\/yoast.com\/wordpress\/plugins\/seo\/ -->\n<title>Legal notice - Cl\u00ednica Dr. Casado<\/title>\n<meta name=\"robots\" content=\"noindex, nofollow\" \/>\n<meta property=\"og:locale\" content=\"en_US\" \/>\n<meta property=\"og:type\" content=\"article\" \/>\n<meta property=\"og:title\" content=\"Legal notice - Cl\u00ednica Dr. Casado\" \/>\n<meta property=\"og:description\" content=\"Cl\u00ednica Dr. Casado, S.L., in compliance with Article 10 of Law 34\/2002 of Services of the Information Society and Electronic Commerce, informs: &#8211; Who owns the domain and the website (https:\/\/clinicadrcasado.com\/) &#8211; That your identification data are: Cl\u00ednica Dr. Casado, S.L. Calle Ram\u00f3n y Cajal, 4 (Edificio Sacio, planta baja) 29601 Marbella (M\u00e1laga) Phone: 952857141. [&hellip;]\" \/>\n<meta property=\"og:url\" content=\"https:\/\/clinicadrcasado.com\/en\/legal-notice\/\" \/>\n<meta property=\"og:site_name\" content=\"Cl\u00ednica Dr. Casado\" \/>\n<meta property=\"article:modified_time\" content=\"2021-11-29T10:38:49+00:00\" \/>\n<meta name=\"twitter:card\" content=\"summary_large_image\" \/>\n<meta name=\"twitter:label1\" content=\"Est. reading time\" \/>\n\t<meta name=\"twitter:data1\" content=\"1 minute\" \/>\n<script type=\"application\/ld+json\" class=\"yoast-schema-graph\">{\"@context\":\"https:\/\/schema.org\",\"@graph\":[{\"@type\":\"WebPage\",\"@id\":\"https:\/\/clinicadrcasado.com\/en\/legal-notice\/\",\"url\":\"https:\/\/clinicadrcasado.com\/en\/legal-notice\/\",\"name\":\"Legal notice - Cl\u00ednica Dr. Casado\",\"isPartOf\":{\"@id\":\"https:\/\/clinicadrcasado.com\/en\/#website\"},\"datePublished\":\"2021-10-18T08:41:42+00:00\",\"dateModified\":\"2021-11-29T10:38:49+00:00\",\"breadcrumb\":{\"@id\":\"https:\/\/clinicadrcasado.com\/en\/legal-notice\/#breadcrumb\"},\"inLanguage\":\"en-US\",\"potentialAction\":[{\"@type\":\"ReadAction\",\"target\":[\"https:\/\/clinicadrcasado.com\/en\/legal-notice\/\"]}]},{\"@type\":\"BreadcrumbList\",\"@id\":\"https:\/\/clinicadrcasado.com\/en\/legal-notice\/#breadcrumb\",\"itemListElement\":[{\"@type\":\"ListItem\",\"position\":1,\"name\":\"Home\",\"item\":\"https:\/\/clinicadrcasado.com\/en\/\"},{\"@type\":\"ListItem\",\"position\":2,\"name\":\"Legal notice\"}]},{\"@type\":\"WebSite\",\"@id\":\"https:\/\/clinicadrcasado.com\/en\/#website\",\"url\":\"https:\/\/clinicadrcasado.com\/en\/\",\"name\":\"Cl\u00ednica Dr. Casado\",\"description\":\"Deja de silenciar tu voz\",\"potentialAction\":[{\"@type\":\"SearchAction\",\"target\":{\"@type\":\"EntryPoint\",\"urlTemplate\":\"https:\/\/clinicadrcasado.com\/en\/?s={search_term_string}\"},\"query-input\":\"required name=search_term_string\"}],\"inLanguage\":\"en-US\"}]}<\/script>\n<!-- \/ Yoast SEO plugin. -->","yoast_head_json":{"title":"Legal notice - Cl\u00ednica Dr. Casado","robots":{"index":"noindex","follow":"nofollow"},"og_locale":"en_US","og_type":"article","og_title":"Legal notice - Cl\u00ednica Dr. Casado","og_description":"Cl\u00ednica Dr. Casado, S.L., in compliance with Article 10 of Law 34\/2002 of Services of the Information Society and Electronic Commerce, informs: &#8211; Who owns the domain and the website (https:\/\/clinicadrcasado.com\/) &#8211; That your identification data are: Cl\u00ednica Dr. Casado, S.L. Calle Ram\u00f3n y Cajal, 4 (Edificio Sacio, planta baja) 29601 Marbella (M\u00e1laga) Phone: 952857141. [&hellip;]","og_url":"https:\/\/clinicadrcasado.com\/en\/legal-notice\/","og_site_name":"Cl\u00ednica Dr. Casado","article_modified_time":"2021-11-29T10:38:49+00:00","twitter_card":"summary_large_image","twitter_misc":{"Est. reading time":"1 minute"},"schema":{"@context":"https:\/\/schema.org","@graph":[{"@type":"WebPage","@id":"https:\/\/clinicadrcasado.com\/en\/legal-notice\/","url":"https:\/\/clinicadrcasado.com\/en\/legal-notice\/","name":"Legal notice - Cl\u00ednica Dr. Casado","isPartOf":{"@id":"https:\/\/clinicadrcasado.com\/en\/#website"},"datePublished":"2021-10-18T08:41:42+00:00","dateModified":"2021-11-29T10:38:49+00:00","breadcrumb":{"@id":"https:\/\/clinicadrcasado.com\/en\/legal-notice\/#breadcrumb"},"inLanguage":"en-US","potentialAction":[{"@type":"ReadAction","target":["https:\/\/clinicadrcasado.com\/en\/legal-notice\/"]}]},{"@type":"BreadcrumbList","@id":"https:\/\/clinicadrcasado.com\/en\/legal-notice\/#breadcrumb","itemListElement":[{"@type":"ListItem","position":1,"name":"Home","item":"https:\/\/clinicadrcasado.com\/en\/"},{"@type":"ListItem","position":2,"name":"Legal notice"}]},{"@type":"WebSite","@id":"https:\/\/clinicadrcasado.com\/en\/#website","url":"https:\/\/clinicadrcasado.com\/en\/","name":"Cl\u00ednica Dr. Casado","description":"Deja de silenciar tu voz","potentialAction":[{"@type":"SearchAction","target":{"@type":"EntryPoint","urlTemplate":"https:\/\/clinicadrcasado.com\/en\/?s={search_term_string}"},"query-input":"required name=search_term_string"}],"inLanguage":"en-US"}]}},"_links":{"self":[{"href":"https:\/\/clinicadrcasado.com\/en\/wp-json\/wp\/v2\/pages\/235"}],"collection":[{"href":"https:\/\/clinicadrcasado.com\/en\/wp-json\/wp\/v2\/pages"}],"about":[{"href":"https:\/\/clinicadrcasado.com\/en\/wp-json\/wp\/v2\/types\/page"}],"author":[{"embeddable":true,"href":"https:\/\/clinicadrcasado.com\/en\/wp-json\/wp\/v2\/users\/1"}],"replies":[{"embeddable":true,"href":"https:\/\/clinicadrcasado.com\/en\/wp-json\/wp\/v2\/comments?post=235"}],"version-history":[{"count":0,"href":"https:\/\/clinicadrcasado.com\/en\/wp-json\/wp\/v2\/pages\/235\/revisions"}],"wp:attachment":[{"href":"https:\/\/clinicadrcasado.com\/en\/wp-json\/wp\/v2\/media?parent=235"}],"curies":[{"name":"wp","href":"https:\/\/api.w.org\/{rel}","templated":true}]}}